{"id":543,"date":"2025-06-04T10:36:18","date_gmt":"2025-06-04T10:36:18","guid":{"rendered":"https:\/\/www.konferencevenkov.cz\/2025\/?page_id=543"},"modified":"2025-06-04T10:36:19","modified_gmt":"2025-06-04T10:36:19","slug":"rezervace-ubytovani","status":"publish","type":"page","link":"https:\/\/www.konferencevenkov.cz\/2025\/?page_id=543","title":{"rendered":"Rezervace ubytov\u00e1n\u00ed"},"content":{"rendered":"<div class='fluentform ff-default fluentform_wrapper_3  ff_guten_block ffs_default_wrap'><form data-form_id=\"3\" id=\"fluentform_3\" class=\"frm-fluent-form fluent_form_3 ff-el-form-top ff_form_instance_3_1 ff-form-loading ffs_default\" data-form_instance=\"ff_form_instance_3_1\" method=\"POST\" ><fieldset  style=\"border: none!important;margin: 0!important;padding: 0!important;background-color: transparent!important;box-shadow: none!important;outline: none!important; min-inline-size: 100%;\">\n                    <legend class=\"ff_screen_reader_title\" style=\"display: block; margin: 0!important;padding: 0!important;height: 0!important;text-indent: -999999px;width: 0!important;overflow:hidden;\">Rezervace ubytov\u00e1n\u00ed<\/legend><input type='hidden' name='__fluent_form_embded_post_id' value='543' \/><input type=\"hidden\" id=\"_fluentform_3_fluentformnonce\" name=\"_fluentform_3_fluentformnonce\" value=\"183a301dc6\" \/><input type=\"hidden\" name=\"_wp_http_referer\" value=\"\/2025\/index.php?rest_route=%2Fwp%2Fv2%2Fpages%2F543\" \/><div data-type=\"name-element\" data-name=\"names\" class=\" ff-field_container ff-name-field-wrapper\" ><div class='ff-t-container'><div class='ff-t-cell '><div class='ff-el-group ff-el-form-top'><div class=\"ff-el-input--label ff-el-is-required asterisk-right\"><label for='ff_3_names_first_name_' >Jm\u00e9no<\/label><\/div><div class='ff-el-input--content'><input type=\"text\" name=\"names[first_name]\" id=\"ff_3_names_first_name_\" class=\"ff-el-form-control\" placeholder=\"Vypl\u0148te va\u0161e jm\u00e9no\" aria-invalid=\"false\" aria-required=true><\/div><\/div><\/div><div class='ff-t-cell '><div class='ff-el-group ff-el-form-top'><div class=\"ff-el-input--label ff-el-is-required asterisk-right\"><label for='ff_3_names_last_name_' >P\u0159\u00edjmen\u00ed<\/label><\/div><div class='ff-el-input--content'><input type=\"text\" name=\"names[last_name]\" id=\"ff_3_names_last_name_\" class=\"ff-el-form-control\" placeholder=\"Vypl\u0148te va\u0161e p\u0159\u00edjmen\u00ed\" aria-invalid=\"false\" aria-required=true><\/div><\/div><\/div><\/div><\/div><div class='ff-el-group'><div class=\"ff-el-input--label ff-el-is-required asterisk-right\"><label for='ff_3_email' aria-label=\"E-mail\">E-mail<\/label><\/div><div class='ff-el-input--content'><input type=\"email\" name=\"email\" id=\"ff_3_email\" class=\"ff-el-form-control\" placeholder=\"Vypl\u0148te v\u00e1\u0161 e-mail\" data-name=\"email\"  aria-invalid=\"false\" aria-required=true><\/div><\/div><div class='ff-el-group'><div class=\"ff-el-input--label ff-el-is-required asterisk-right\"><label for='ff_3_input_text' aria-label=\"Telefon\">Telefon<\/label><\/div><div class='ff-el-input--content'><input type=\"text\" name=\"input_text\" class=\"ff-el-form-control\" placeholder=\"Vypl\u0148te va\u0161e telefonn\u00ed \u010d\u00edslo\" data-name=\"input_text\" id=\"ff_3_input_text\"  aria-invalid=\"false\" aria-required=true><\/div><\/div><div class=\"ff-name-address-wrapper fluent-address\" data-type=\"address-element\" data-name=\"address_1\" ><div class='ff-el-input--label'><label aria-label=\"Adresa\">Adresa<\/label><\/div><div class='ff-el-input--content'><div class='ff-t-container'><div class='ff-t-cell'><div class='ff-el-group'><div class=\"ff-el-input--label asterisk-right\"><label for='ff_3_address_1_address_line_1_' aria-label=\"Ulice\">Ulice<\/label><\/div><div class='ff-el-input--content'><input type=\"text\" name=\"address_1[address_line_1]\" id=\"ff_3_address_1_address_line_1_\" class=\"ff-el-form-control\" placeholder=\"Vypl\u0148te n\u00e1zev ulice\" data-key_name=\"address_line_1\"  aria-invalid=\"false\" aria-required=false><\/div><\/div><\/div><div class='ff-t-cell'><div class='ff-el-group'><div class=\"ff-el-input--label asterisk-right\"><label for='ff_3_address_1_address_line_2_' aria-label=\"\u010c\u00edslo\">\u010c\u00edslo<\/label><\/div><div class='ff-el-input--content'><input type=\"text\" name=\"address_1[address_line_2]\" id=\"ff_3_address_1_address_line_2_\" class=\"ff-el-form-control\" placeholder=\"Vypl\u0148te \u010d\u00edslo popisn\u00e9\" data-key_name=\"address_line_2\"  aria-invalid=\"false\" aria-required=false><\/div><\/div><\/div><\/div><div class='ff-t-container'><div class='ff-t-cell'><div class='ff-el-group'><div class=\"ff-el-input--label asterisk-right\"><label for='ff_3_address_1_city_' aria-label=\"Obec\">Obec<\/label><\/div><div class='ff-el-input--content'><input type=\"text\" name=\"address_1[city]\" id=\"ff_3_address_1_city_\" class=\"ff-el-form-control\" placeholder=\"Vypl\u0148te n\u00e1zev obce \u010di m\u011bsta\" data-key_name=\"city\"  aria-invalid=\"false\" aria-required=false><\/div><\/div><\/div><div class='ff-t-cell'><div class='ff-el-group'><div class=\"ff-el-input--label asterisk-right\"><label for='ff_3_address_1_zip_' aria-label=\"PS\u010c\">PS\u010c<\/label><\/div><div class='ff-el-input--content'><input type=\"text\" name=\"address_1[zip]\" id=\"ff_3_address_1_zip_\" class=\"ff-el-form-control\" placeholder=\"Vypl\u0148te PS\u010c\" data-key_name=\"zip\"  aria-invalid=\"false\" aria-required=false><\/div><\/div><\/div><\/div><\/div><\/div><div class='ff-el-group'><div class=\"ff-el-input--label asterisk-right\"><label for='ff_3_datetime' aria-label=\"Datum narozen\u00ed\">Datum narozen\u00ed<\/label><\/div><div class='ff-el-input--content'><input  aria-label='Datum narozen\u00ed Use arrow keys to navigate dates. Press enter to select a date.'  aria-haspopup='dialog' data-type-datepicker data-format='d.m.Y' type=\"text\" name=\"datetime\" id=\"ff_3_datetime\" class=\"ff-el-form-control ff-el-datepicker\" placeholder=\"Vypl\u0148te va\u0161e datum narozen\u00ed \" data-name=\"datetime\"  aria-invalid='false' aria-required=false><\/div><\/div><div class='ff-el-group'><div class=\"ff-el-input--label ff-el-is-required asterisk-right\"><label  aria-label=\"Ubytov\u00e1n\u00ed chci na dny\">Ubytov\u00e1n\u00ed chci na dny<\/label><div class=\"ff-el-tooltip\" data-content=\"Lze za\u0161krtnout v\u00edce dn\u016f.\"><svg width=\"16\" height=\"16\" viewBox=\"0 0 25 25\"><path d=\"m329 393l0-46c0-2-1-4-2-6-2-2-4-3-7-3l-27 0 0-146c0-3-1-5-3-7-2-1-4-2-7-2l-91 0c-3 0-5 1-7 2-1 2-2 4-2 7l0 46c0 2 1 5 2 6 2 2 4 3 7 3l27 0 0 91-27 0c-3 0-5 1-7 3-1 2-2 4-2 6l0 46c0 3 1 5 2 7 2 1 4 2 7 2l128 0c3 0 5-1 7-2 1-2 2-4 2-7z m-36-256l0-46c0-2-1-4-3-6-2-2-4-3-7-3l-54 0c-3 0-5 1-7 3-2 2-3 4-3 6l0 46c0 3 1 5 3 7 2 1 4 2 7 2l54 0c3 0 5-1 7-2 2-2 3-4 3-7z m182 119c0 40-9 77-29 110-20 34-46 60-80 80-33 20-70 29-110 29-40 0-77-9-110-29-34-20-60-46-80-80-20-33-29-70-29-110 0-40 9-77 29-110 20-34 46-60 80-80 33-20 70-29 110-29 40 0 77 9 110 29 34 20 60 46 80 80 20 33 29 70 29 110z\"><\/path><\/svg><\/div><\/div><div class='ff-el-input--content'><div class='ff-el-form-check ff-el-form-check-'><label class='ff-el-form-check-label' for=checkbox_de0c482e2a0c7bc95396b1d50864dcec><input  type=\"checkbox\" name=\"checkbox[]\" data-name=\"checkbox\" class=\"ff-el-form-check-input ff-el-form-check-checkbox\" value=\"21.-22. 10.\"  id='checkbox_de0c482e2a0c7bc95396b1d50864dcec' aria-label='21.-22. 10.' aria-invalid='false' aria-required=true> <span>21.-22. 10.<\/span><\/label><\/div><div class='ff-el-form-check ff-el-form-check-'><label class='ff-el-form-check-label' for=checkbox_d5e3b0388d20b7a9e8664d09de462e8b><input  type=\"checkbox\" name=\"checkbox[]\" data-name=\"checkbox\" class=\"ff-el-form-check-input ff-el-form-check-checkbox\" value=\"22.-23. 10.\"  id='checkbox_d5e3b0388d20b7a9e8664d09de462e8b' aria-label='22.-23. 10.' aria-invalid='false' aria-required=true> <span>22.-23. 10.<\/span><\/label><\/div><\/div><\/div><div class='ff-el-group'><div class=\"ff-el-input--label ff-el-is-required asterisk-right\"><label for='ff_3_dropdown' aria-label=\"V\u00fdb\u011br pokoje\">V\u00fdb\u011br pokoje<\/label><\/div><div class='ff-el-input--content'><select name=\"dropdown\" id=\"ff_3_dropdown\" class=\"ff-el-form-control\" data-name=\"dropdown\" data-calc_value=\"0\"  aria-invalid=\"false\" aria-required=true><option value=\"\">Vyberte v\u00e1mi preferovan\u00fd pokoj<\/option><option value=\"Jednol\u016f\u017ekov\u00fd pokoj DeLuxe - 2 750 K\u010d\/osoba\/noc\"  >Jednol\u016f\u017ekov\u00fd pokoj DeLuxe &#8211; 2 750 K\u010d\/osoba\/noc<\/option><option value=\"Dvoul\u016f\u017ekov\u00fd pokoj DeLuxe - 2 050 K\u010d\/osoba\/noc\"  >Dvoul\u016f\u017ekov\u00fd pokoj DeLuxe &#8211; 2 050 K\u010d\/osoba\/noc<\/option><\/select><\/div><\/div><div class='ff-el-group'><div class=\"ff-el-input--label asterisk-right\"><label for='ff_3_description' aria-label=\"Pozn\u00e1mky\">Pozn\u00e1mky<\/label><\/div><div class='ff-el-input--content'><textarea aria-invalid=\"false\" aria-required=false name=\"description\" id=\"ff_3_description\" class=\"ff-el-form-control\" placeholder=\"Prostor pro va\u0161i pozn\u00e1mku pro ubytovatele\" rows=\"1\" cols=\"1\" data-name=\"description\" ><\/textarea><\/div><\/div><div class='ff-el-group ff-text-center ff_submit_btn_wrapper'><button type=\"submit\" class=\"ff-btn ff-btn-submit ff-btn-md ff_btn_style\" >Odeslat \u017e\u00e1dost o rezervaci<\/button><\/div><\/fieldset><\/form><div id='fluentform_3_errors' class='ff-errors-in-stack ff_form_instance_3_1 ff-form-loading_errors ff_form_instance_3_1_errors'><\/div><\/div>        <script type=\"text\/javascript\">\n            window.fluent_form_ff_form_instance_3_1 = {\"id\":\"3\",\"settings\":{\"layout\":{\"labelPlacement\":\"top\",\"asteriskPlacement\":\"asterisk-right\",\"helpMessagePlacement\":\"with_label\",\"errorMessagePlacement\":\"inline\",\"cssClassName\":\"\"},\"restrictions\":{\"denyEmptySubmission\":{\"enabled\":false}}},\"form_instance\":\"ff_form_instance_3_1\",\"form_id_selector\":\"fluentform_3\",\"rules\":{\"names[first_name]\":{\"required\":{\"value\":true,\"message\":\"This field is required\",\"global_message\":\"This field is required\",\"global\":true}},\"names[middle_name]\":{\"required\":{\"value\":false,\"message\":\"This field is required\",\"global_message\":\"This field is required\",\"global\":true}},\"names[last_name]\":{\"required\":{\"value\":true,\"message\":\"This field is required\",\"global_message\":\"This field is required\",\"global\":true}},\"email\":{\"required\":{\"value\":true,\"message\":\"This field is required\",\"global_message\":\"This field is required\",\"global\":true},\"email\":{\"value\":true,\"message\":\"This field must contain a valid email\",\"global_message\":\"This field must contain a valid email\",\"global\":true}},\"input_text\":{\"required\":{\"value\":true,\"message\":\"This field is required\",\"global_message\":\"This field is required\",\"global\":true}},\"address_1[address_line_1]\":{\"required\":{\"value\":false,\"message\":\"This field is required\",\"global_message\":\"This field is required\",\"global\":true}},\"address_1[address_line_2]\":{\"required\":{\"value\":false,\"message\":\"This field is required\",\"global_message\":\"This field is required\",\"global\":true}},\"address_1[city]\":{\"required\":{\"value\":false,\"message\":\"This field is required\",\"global_message\":\"This field is required\",\"global\":true}},\"address_1[state]\":{\"required\":{\"value\":false,\"message\":\"This field is required\",\"global_message\":\"This field is required\",\"global\":true}},\"address_1[zip]\":{\"required\":{\"value\":false,\"message\":\"This field is required\",\"global_message\":\"This field is required\",\"global\":true}},\"address_1[country]\":{\"required\":{\"value\":false,\"message\":\"This field is required\",\"global_message\":\"This field is required\",\"global\":true}},\"datetime\":{\"required\":{\"value\":false,\"message\":\"This field is required\",\"global_message\":\"This field is required\",\"global\":true}},\"checkbox\":{\"required\":{\"value\":true,\"message\":\"This field is required\",\"global_message\":\"This field is required\",\"global\":true}},\"dropdown\":{\"required\":{\"value\":true,\"message\":\"This field is required\",\"global_message\":\"This field is required\",\"global\":true}},\"description\":{\"required\":{\"value\":false,\"message\":\"This field is required\",\"global_message\":\"This field is required\",\"global\":true}}},\"debounce_time\":300};\n                    <\/script>\n        ","protected":false},"excerpt":{"rendered":"","protected":false},"author":1,"featured_media":0,"parent":0,"menu_order":0,"comment_status":"closed","ping_status":"closed","template":"","meta":{"neve_meta_sidebar":"","neve_meta_container":"","neve_meta_enable_content_width":"","neve_meta_content_width":0,"neve_meta_title_alignment":"","neve_meta_author_avatar":"","neve_post_elements_order":"","neve_meta_disable_header":"","neve_meta_disable_footer":"","neve_meta_disable_title":"","_themeisle_gutenberg_block_has_review":false,"footnotes":""},"class_list":["post-543","page","type-page","status-publish","hentry"],"_links":{"self":[{"href":"https:\/\/www.konferencevenkov.cz\/2025\/index.php?rest_route=\/wp\/v2\/pages\/543","targetHints":{"allow":["GET"]}}],"collection":[{"href":"https:\/\/www.konferencevenkov.cz\/2025\/index.php?rest_route=\/wp\/v2\/pages"}],"about":[{"href":"https:\/\/www.konferencevenkov.cz\/2025\/index.php?rest_route=\/wp\/v2\/types\/page"}],"author":[{"embeddable":true,"href":"https:\/\/www.konferencevenkov.cz\/2025\/index.php?rest_route=\/wp\/v2\/users\/1"}],"replies":[{"embeddable":true,"href":"https:\/\/www.konferencevenkov.cz\/2025\/index.php?rest_route=%2Fwp%2Fv2%2Fcomments&post=543"}],"version-history":[{"count":1,"href":"https:\/\/www.konferencevenkov.cz\/2025\/index.php?rest_route=\/wp\/v2\/pages\/543\/revisions"}],"predecessor-version":[{"id":544,"href":"https:\/\/www.konferencevenkov.cz\/2025\/index.php?rest_route=\/wp\/v2\/pages\/543\/revisions\/544"}],"wp:attachment":[{"href":"https:\/\/www.konferencevenkov.cz\/2025\/index.php?rest_route=%2Fwp%2Fv2%2Fmedia&parent=543"}],"curies":[{"name":"wp","href":"https:\/\/api.w.org\/{rel}","templated":true}]}}